{"id":4691,"date":"2015-02-25T18:48:10","date_gmt":"2015-02-25T18:48:10","guid":{"rendered":"http:\/\/panamadivecenter.com\/activities-2\/"},"modified":"2017-12-14T20:32:27","modified_gmt":"2017-12-14T20:32:27","slug":"santa-catalina-activites","status":"publish","type":"page","link":"https:\/\/panamadivecenter.com\/fr\/santa-catalina-activites\/","title":{"rendered":"Activit\u00e9s"},"content":{"rendered":"","protected":false},"excerpt":{"rendered":"","protected":false},"author":2,"featured_media":0,"parent":0,"menu_order":0,"comment_status":"closed","ping_status":"open","template":"","meta":{"footnotes":""},"class_list":["post-4691","page","type-page","status-publish","hentry"],"yoast_head":"<!-- This site is optimized with the Yoast SEO plugin v27.5 - https:\/\/yoast.com\/product\/yoast-seo-wordpress\/ -->\n<title>Activit\u00e9s \u00e0 Santa Catalina, Panama | Panama Dive Center<\/title>\n<meta name=\"description\" content=\"Avec tout ce qu&#039;il y a \u00e0 faire \u00e0 Santa Catalina, Panama Dive Center peut aider \u00e0 vous guider vers la meilleure aventure de surf ou de plong\u00e9e.\" \/>\n<meta name=\"robots\" content=\"index, follow, max-snippet:-1, max-image-preview:large, max-video-preview:-1\" \/>\n<link rel=\"canonical\" href=\"https:\/\/panamadivecenter.com\/fr\/santa-catalina-activites\/\" \/>\n<meta property=\"og:locale\" content=\"fr_FR\" \/>\n<meta property=\"og:type\" content=\"article\" \/>\n<meta property=\"og:title\" content=\"Activit\u00e9s \u00e0 Santa Catalina, Panama | Panama Dive Center\" \/>\n<meta property=\"og:description\" content=\"Avec tout ce qu&#039;il y a \u00e0 faire \u00e0 Santa Catalina, Panama Dive Center peut aider \u00e0 vous guider vers la meilleure aventure de surf ou de plong\u00e9e.\" \/>\n<meta property=\"og:url\" content=\"https:\/\/panamadivecenter.com\/fr\/santa-catalina-activites\/\" \/>\n<meta property=\"og:site_name\" content=\"Panama Dive Center\" \/>\n<meta property=\"article:publisher\" content=\"https:\/\/www.facebook.com\/padipanamadivecenter\" \/>\n<meta property=\"article:modified_time\" content=\"2017-12-14T20:32:27+00:00\" \/>\n<meta name=\"twitter:card\" content=\"summary_large_image\" \/>\n<script type=\"application\/ld+json\" class=\"yoast-schema-graph\">{\"@context\":\"https:\\\/\\\/schema.org\",\"@graph\":[{\"@type\":\"WebPage\",\"@id\":\"https:\\\/\\\/panamadivecenter.com\\\/fr\\\/santa-catalina-activites\\\/\",\"url\":\"https:\\\/\\\/panamadivecenter.com\\\/fr\\\/santa-catalina-activites\\\/\",\"name\":\"Activit\u00e9s \u00e0 Santa Catalina, Panama | Panama Dive Center\",\"isPartOf\":{\"@id\":\"https:\\\/\\\/panamadivecenter.com\\\/#website\"},\"datePublished\":\"2015-02-25T18:48:10+00:00\",\"dateModified\":\"2017-12-14T20:32:27+00:00\",\"description\":\"Avec tout ce qu'il y a \u00e0 faire \u00e0 Santa Catalina, Panama Dive Center peut aider \u00e0 vous guider vers la meilleure aventure de surf ou de plong\u00e9e.\",\"breadcrumb\":{\"@id\":\"https:\\\/\\\/panamadivecenter.com\\\/fr\\\/santa-catalina-activites\\\/#breadcrumb\"},\"inLanguage\":\"fr-FR\",\"potentialAction\":[{\"@type\":\"ReadAction\",\"target\":[\"https:\\\/\\\/panamadivecenter.com\\\/fr\\\/santa-catalina-activites\\\/\"]}]},{\"@type\":\"BreadcrumbList\",\"@id\":\"https:\\\/\\\/panamadivecenter.com\\\/fr\\\/santa-catalina-activites\\\/#breadcrumb\",\"itemListElement\":[{\"@type\":\"ListItem\",\"position\":1,\"name\":\"Home\",\"item\":\"https:\\\/\\\/panamadivecenter.com\\\/fr\\\/\"},{\"@type\":\"ListItem\",\"position\":2,\"name\":\"Activit\u00e9s\"}]},{\"@type\":\"WebSite\",\"@id\":\"https:\\\/\\\/panamadivecenter.com\\\/#website\",\"url\":\"https:\\\/\\\/panamadivecenter.com\\\/\",\"name\":\"Panama Dive Center\",\"description\":\"Diving Coiba National Park\",\"publisher\":{\"@id\":\"https:\\\/\\\/panamadivecenter.com\\\/#organization\"},\"potentialAction\":[{\"@type\":\"SearchAction\",\"target\":{\"@type\":\"EntryPoint\",\"urlTemplate\":\"https:\\\/\\\/panamadivecenter.com\\\/?s={search_term_string}\"},\"query-input\":{\"@type\":\"PropertyValueSpecification\",\"valueRequired\":true,\"valueName\":\"search_term_string\"}}],\"inLanguage\":\"fr-FR\"},{\"@type\":\"Organization\",\"@id\":\"https:\\\/\\\/panamadivecenter.com\\\/#organization\",\"name\":\"Panama Dive Center\",\"url\":\"https:\\\/\\\/panamadivecenter.com\\\/\",\"logo\":{\"@type\":\"ImageObject\",\"inLanguage\":\"fr-FR\",\"@id\":\"https:\\\/\\\/panamadivecenter.com\\\/#\\\/schema\\\/logo\\\/image\\\/\",\"url\":\"https:\\\/\\\/panamadivecenter.com\\\/wp-content\\\/uploads\\\/2017\\\/12\\\/RAYFB.jpg\",\"contentUrl\":\"https:\\\/\\\/panamadivecenter.com\\\/wp-content\\\/uploads\\\/2017\\\/12\\\/RAYFB.jpg\",\"width\":1026,\"height\":1026,\"caption\":\"Panama Dive Center\"},\"image\":{\"@id\":\"https:\\\/\\\/panamadivecenter.com\\\/#\\\/schema\\\/logo\\\/image\\\/\"},\"sameAs\":[\"https:\\\/\\\/www.facebook.com\\\/padipanamadivecenter\"]}]}<\/script>\n<!-- \/ Yoast SEO plugin. -->","yoast_head_json":{"title":"Activit\u00e9s \u00e0 Santa Catalina, Panama | Panama Dive Center","description":"Avec tout ce qu'il y a \u00e0 faire \u00e0 Santa Catalina, Panama Dive Center peut aider \u00e0 vous guider vers la meilleure aventure de surf ou de plong\u00e9e.","robots":{"index":"index","follow":"follow","max-snippet":"max-snippet:-1","max-image-preview":"max-image-preview:large","max-video-preview":"max-video-preview:-1"},"canonical":"https:\/\/panamadivecenter.com\/fr\/santa-catalina-activites\/","og_locale":"fr_FR","og_type":"article","og_title":"Activit\u00e9s \u00e0 Santa Catalina, Panama | Panama Dive Center","og_description":"Avec tout ce qu'il y a \u00e0 faire \u00e0 Santa Catalina, Panama Dive Center peut aider \u00e0 vous guider vers la meilleure aventure de surf ou de plong\u00e9e.","og_url":"https:\/\/panamadivecenter.com\/fr\/santa-catalina-activites\/","og_site_name":"Panama Dive Center","article_publisher":"https:\/\/www.facebook.com\/padipanamadivecenter","article_modified_time":"2017-12-14T20:32:27+00:00","twitter_card":"summary_large_image","schema":{"@context":"https:\/\/schema.org","@graph":[{"@type":"WebPage","@id":"https:\/\/panamadivecenter.com\/fr\/santa-catalina-activites\/","url":"https:\/\/panamadivecenter.com\/fr\/santa-catalina-activites\/","name":"Activit\u00e9s \u00e0 Santa Catalina, Panama | Panama Dive Center","isPartOf":{"@id":"https:\/\/panamadivecenter.com\/#website"},"datePublished":"2015-02-25T18:48:10+00:00","dateModified":"2017-12-14T20:32:27+00:00","description":"Avec tout ce qu'il y a \u00e0 faire \u00e0 Santa Catalina, Panama Dive Center peut aider \u00e0 vous guider vers la meilleure aventure de surf ou de plong\u00e9e.","breadcrumb":{"@id":"https:\/\/panamadivecenter.com\/fr\/santa-catalina-activites\/#breadcrumb"},"inLanguage":"fr-FR","potentialAction":[{"@type":"ReadAction","target":["https:\/\/panamadivecenter.com\/fr\/santa-catalina-activites\/"]}]},{"@type":"BreadcrumbList","@id":"https:\/\/panamadivecenter.com\/fr\/santa-catalina-activites\/#breadcrumb","itemListElement":[{"@type":"ListItem","position":1,"name":"Home","item":"https:\/\/panamadivecenter.com\/fr\/"},{"@type":"ListItem","position":2,"name":"Activit\u00e9s"}]},{"@type":"WebSite","@id":"https:\/\/panamadivecenter.com\/#website","url":"https:\/\/panamadivecenter.com\/","name":"Panama Dive Center","description":"Diving Coiba National Park","publisher":{"@id":"https:\/\/panamadivecenter.com\/#organization"},"potentialAction":[{"@type":"SearchAction","target":{"@type":"EntryPoint","urlTemplate":"https:\/\/panamadivecenter.com\/?s={search_term_string}"},"query-input":{"@type":"PropertyValueSpecification","valueRequired":true,"valueName":"search_term_string"}}],"inLanguage":"fr-FR"},{"@type":"Organization","@id":"https:\/\/panamadivecenter.com\/#organization","name":"Panama Dive Center","url":"https:\/\/panamadivecenter.com\/","logo":{"@type":"ImageObject","inLanguage":"fr-FR","@id":"https:\/\/panamadivecenter.com\/#\/schema\/logo\/image\/","url":"https:\/\/panamadivecenter.com\/wp-content\/uploads\/2017\/12\/RAYFB.jpg","contentUrl":"https:\/\/panamadivecenter.com\/wp-content\/uploads\/2017\/12\/RAYFB.jpg","width":1026,"height":1026,"caption":"Panama Dive Center"},"image":{"@id":"https:\/\/panamadivecenter.com\/#\/schema\/logo\/image\/"},"sameAs":["https:\/\/www.facebook.com\/padipanamadivecenter"]}]}},"jetpack_sharing_enabled":true,"_links":{"self":[{"href":"https:\/\/panamadivecenter.com\/fr\/wp-json\/wp\/v2\/pages\/4691","targetHints":{"allow":["GET"]}}],"collection":[{"href":"https:\/\/panamadivecenter.com\/fr\/wp-json\/wp\/v2\/pages"}],"about":[{"href":"https:\/\/panamadivecenter.com\/fr\/wp-json\/wp\/v2\/types\/page"}],"author":[{"embeddable":true,"href":"https:\/\/panamadivecenter.com\/fr\/wp-json\/wp\/v2\/users\/2"}],"replies":[{"embeddable":true,"href":"https:\/\/panamadivecenter.com\/fr\/wp-json\/wp\/v2\/comments?post=4691"}],"version-history":[{"count":3,"href":"https:\/\/panamadivecenter.com\/fr\/wp-json\/wp\/v2\/pages\/4691\/revisions"}],"predecessor-version":[{"id":7740,"href":"https:\/\/panamadivecenter.com\/fr\/wp-json\/wp\/v2\/pages\/4691\/revisions\/7740"}],"wp:attachment":[{"href":"https:\/\/panamadivecenter.com\/fr\/wp-json\/wp\/v2\/media?parent=4691"}],"curies":[{"name":"wp","href":"https:\/\/api.w.org\/{rel}","templated":true}]}}