{"id":4649,"date":"2013-04-05T13:33:38","date_gmt":"2013-04-05T13:33:38","guid":{"rendered":"http:\/\/panamadivecenter.com\/contact-2-2\/"},"modified":"2020-09-04T20:53:52","modified_gmt":"2020-09-04T20:53:52","slug":"panama-dive-center-contact","status":"publish","type":"page","link":"https:\/\/panamadivecenter.com\/fr\/panama-dive-center-contact\/","title":{"rendered":"Contact"},"content":{"rendered":"\n<style type=\"text\/css\" data-created_by=\"avia_inline_auto\" id=\"style-css-av-av_heading-8faf0b6f76548061dd004b9e8bc87d19\">\n#top .av-special-heading.av-av_heading-8faf0b6f76548061dd004b9e8bc87d19{\npadding-bottom:10px;\ncolor:#000000;\n}\nbody .av-special-heading.av-av_heading-8faf0b6f76548061dd004b9e8bc87d19 .av-special-heading-tag .heading-char{\nfont-size:25px;\n}\n.av-special-heading.av-av_heading-8faf0b6f76548061dd004b9e8bc87d19 .special-heading-inner-border{\nborder-color:#000000;\n}\n.av-special-heading.av-av_heading-8faf0b6f76548061dd004b9e8bc87d19 .av-subheading{\nfont-size:15px;\n}\n<\/style>\n<div  class='av-special-heading av-av_heading-8faf0b6f76548061dd004b9e8bc87d19 av-special-heading-h1 custom-color-heading  avia-builder-el-0  el_before_av_textblock  avia-builder-el-first '><h1 class='av-special-heading-tag '  itemprop=\"headline\"  >Contacter Nous<\/h1><div class=\"special-heading-border\"><div class=\"special-heading-inner-border\"><\/div><\/div><\/div>\n<section  class='av_textblock_section av-keoopmsw-3ec439fce5926156264f6d89686973f0 '   itemscope=\"itemscope\" itemtype=\"https:\/\/schema.org\/CreativeWork\" ><div class='avia_textblock'  itemprop=\"text\" ><p style=\"text-align: left;\"><span style=\"color: #000000;\">Consultez nos rubrique <span style=\"text-decoration: underline;\"><span style=\"color: #0000ff; text-decoration: underline;\"><a style=\"color: #0000ff; text-decoration: underline;\" href=\"https:\/\/panamadivecenter.com\/fr\/questions-frequentes\/\" target=\"_blank\" rel=\"noopener\">\u00ab\u00a0Questions fr\u00e9quentes\u00a0\u00bb<\/a>,<\/span><\/span> la r\u00e9ponse \u00e0 votre question pourrait \u00eatre l\u00e0, ou contactez-nous et nous vous contacterons dans les plus brefs d\u00e9lais.<\/span><\/p>\n<\/div><\/section>\n<div  class='flex_column av-wlxwdb-ee20919c6b40f60813912404b7dc7d16 av_one_half  avia-builder-el-2  el_after_av_textblock  el_before_av_one_half  first flex_column_div  column-top-margin'     ><style type=\"text\/css\" data-created_by=\"avia_inline_auto\" id=\"style-css-av-keop65gh-2e5c099a8c0bd5f16fb8c07554dc043e\">\n.avia-image-container.av-keop65gh-2e5c099a8c0bd5f16fb8c07554dc043e img.avia_image{\nbox-shadow:none;\n}\n.avia-image-container.av-keop65gh-2e5c099a8c0bd5f16fb8c07554dc043e .av-image-caption-overlay-center{\ncolor:#ffffff;\n}\n<\/style>\n<div  class='avia-image-container av-keop65gh-2e5c099a8c0bd5f16fb8c07554dc043e av-styling- avia-align-center  avia-builder-el-3  avia-builder-el-no-sibling '   itemprop=\"image\" itemscope=\"itemscope\" itemtype=\"https:\/\/schema.org\/ImageObject\" ><div class=\"avia-image-container-inner\"><div class=\"avia-image-overlay-wrap\"><img decoding=\"async\" fetchpriority=\"high\" class='wp-image-13435 avia-img-lazy-loading-not-13435 avia_image ' src=\"https:\/\/panamadivecenter.com\/wp-content\/uploads\/2020\/09\/IMG_6794-845x684.jpg\" alt='' title='IMG_6794'  height=\"684\" width=\"845\"  itemprop=\"thumbnailUrl\" srcset=\"https:\/\/panamadivecenter.com\/wp-content\/uploads\/2020\/09\/IMG_6794-845x684.jpg 845w, https:\/\/panamadivecenter.com\/wp-content\/uploads\/2020\/09\/IMG_6794-495x400.jpg 495w\" sizes=\"(max-width: 845px) 100vw, 845px\" \/><\/div><\/div><\/div><\/div>\n<div  class='flex_column av-wlxwdb-c3b43522b38281481ce70206b9badc2d av_one_half  avia-builder-el-4  el_after_av_one_half  el_before_av_one_third  flex_column_div  column-top-margin'     ><form action=\"https:\/\/panamadivecenter.com\/fr\/panama-dive-center-contact\/\" method=\"post\" data-fields-with-error=\"Erreurs trouv\u00e9es dans les champs suivants :\" class=\"avia_ajax_form av-form-labels-visible   avia-builder-el-5  avia-builder-el-no-sibling  av-centered-form  av-custom-form-color av-dark-form \" data-avia-form-id=\"1\" data-avia-redirect='https:\/\/panamadivecenter.com\/fr\/questions-frequentes\/' ><fieldset><p class='  first_form  form_element form_element_third' id='element_avia_1_1'><label for=\"avia_1_1\">Pr\u00e9nom <abbr class=\"required\" title=\"requis(e)\">*<\/abbr><\/label> <input name=\"avia_1_1\" class=\"text_input is_empty\" type=\"text\" id=\"avia_1_1\" value=\"\" \/><\/p><p class='  form_element form_element_third' id='element_avia_2_1'><label for=\"avia_2_1\">Nom <abbr class=\"required\" title=\"requis(e)\">*<\/abbr><\/label> <input name=\"avia_2_1\" class=\"text_input is_empty\" type=\"text\" id=\"avia_2_1\" value=\"\" \/><\/p><p class='  form_element form_element_third' id='element_avia_3_1'><label for=\"avia_3_1\">email <abbr class=\"required\" title=\"requis(e)\">*<\/abbr><\/label> <input name=\"avia_3_1\" class=\"text_input is_email\" type=\"text\" id=\"avia_3_1\" value=\"\" \/><\/p><p class='  first_form  form_element form_element_fourth' id='element_avia_4_1'><label for=\"avia_4_1\">Date possible<\/label> <input name=\"avia_4_1\" class=\"avia_datepicker text_input \" type=\"text\" id=\"avia_4_1\" value=\"\" placeholder=\"DD \/ MM \/ YY\" inputmode=\"none\" \/><\/p><p class='  form_element form_element_fourth' id='element_avia_5_1'><label for=\"avia_5_1\">Personnes <abbr class=\"required\" title=\"requis(e)\">*<\/abbr><\/label> <input name=\"avia_5_1\" class=\"text_input is_number\" type=\"text\" id=\"avia_5_1\" value=\"\" \/><\/p><p class='  form_element form_element_half' id='element_avia_6_1'><label for=\"avia_6_1\">Sujet <abbr class=\"required\" title=\"requis(e)\">*<\/abbr><\/label> <input name=\"avia_6_1\" class=\"text_input is_empty\" type=\"text\" id=\"avia_6_1\" value=\"\" \/><\/p><p class='  first_form  form_element form_element_two_third' id='element_avia_7_1'><label for=\"avia_7_1\" class=\"textare_label hidden textare_label_avia_7_1\">Message <abbr class=\"required\" title=\"requis(e)\">*<\/abbr><\/label><textarea  name=\"avia_7_1\" class=\"text_area is_empty\" cols=\"40\" rows=\"7\" id=\"avia_7_1\" ><\/textarea><\/p><p class=\"hidden\"><input type=\"text\" name=\"avia_8_1\" class=\"hidden \" id=\"avia_8_1\" value=\"\" \/><\/p><p class=' form_element_third  form_element form_fullwidth' id='element_avia_9_1'><span class='value_verifier_label'>2 + 1 = ?<\/span><input name=\"avia_9_1_verifier\" type=\"hidden\" id=\"avia_9_1_verifier\" value=\"666534737\"\/><label for=\"avia_9_1\">Merci de prouver que vous \u00eates un humain en donnant le r\u00e9sultat de cette op\u00e9ration <abbr class=\"required\" title=\"requis(e)\">*<\/abbr><\/label><input name=\"avia_9_1\" class=\"text_input captcha\" type=\"text\" id=\"avia_9_1\" value=\"\"\/><\/p><p class=\"form_element \"><input type=\"hidden\" value=\"1\" name=\"avia_generated_form1\" \/><input type=\"submit\" value=\"Envoyer\" class=\"button\"  data-sending-label=\"Envoi\"\/><\/p><\/fieldset><\/form><div id=\"ajaxresponse_1\" class=\"ajaxresponse ajaxresponse_1 hidden\"><\/div><\/div>\n<style type=\"text\/css\" data-created_by=\"avia_inline_auto\" id=\"style-css-av-80srb3-9521e973f88c306304fc4564a761546d\">\n.flex_column.av-80srb3-9521e973f88c306304fc4564a761546d{\nborder-radius:0px 0px 0px 0px;\npadding:0px 0px 0px 0px;\n}\n<\/style>\n<div  class='flex_column av-80srb3-9521e973f88c306304fc4564a761546d av_one_third  avia-builder-el-6  el_after_av_one_half  el_before_av_one_third  first flex_column_div av-zero-column-padding  column-top-margin'     ><style type=\"text\/css\" data-created_by=\"avia_inline_auto\" id=\"style-css-av-6b0tkv-26dd46e4743497710bd9b9ca83613e1a\">\n.iconbox.av-6b0tkv-26dd46e4743497710bd9b9ca83613e1a .iconbox_icon{\ncolor:#000000;\n}\n.iconbox.av-6b0tkv-26dd46e4743497710bd9b9ca83613e1a .iconbox_icon.avia-svg-icon svg:first-child{\nfill:#000000;\nstroke:#000000;\n}\n#top #wrap_all .iconbox.av-6b0tkv-26dd46e4743497710bd9b9ca83613e1a .iconbox_content_title{\ncolor:#000000;\n}\n<\/style>\n<article  class='iconbox iconbox_top av-6b0tkv-26dd46e4743497710bd9b9ca83613e1a av-no-box  avia-builder-el-7  avia-builder-el-no-sibling '  itemscope=\"itemscope\" itemtype=\"https:\/\/schema.org\/CreativeWork\" ><div class=\"iconbox_content\"><header class=\"entry-content-header\" aria-label=\"Ic\u00f4ne : Num\u00e9ro de t\u00e9l\u00e9phone\"><div class='iconbox_icon heading-color avia-iconfont avia-font-entypo-fontello' data-av_icon='\ue854' data-av_iconfont='entypo-fontello'  ><\/div><h3 class='iconbox_content_title '  itemprop=\"headline\" >Num\u00e9ro de t\u00e9l\u00e9phone<\/h3><\/header><div class='iconbox_content_container '  itemprop=\"text\" ><p style=\"text-align: center;\"><span style=\"color: #000000;\">+(507) 6665 7879<\/span><\/p>\n<\/div><\/div><footer class=\"entry-footer\"><\/footer><\/article><\/div><\/p>\n\n<style type=\"text\/css\" data-created_by=\"avia_inline_auto\" id=\"style-css-av-80srb3-fc05d9a4f1b77648482e4324449076ad\">\n.flex_column.av-80srb3-fc05d9a4f1b77648482e4324449076ad{\nborder-radius:0px 0px 0px 0px;\npadding:0px 0px 0px 0px;\n}\n<\/style>\n<div  class='flex_column av-80srb3-fc05d9a4f1b77648482e4324449076ad av_one_third  avia-builder-el-8  el_after_av_one_third  el_before_av_one_third  flex_column_div av-zero-column-padding  column-top-margin'     ><style type=\"text\/css\" data-created_by=\"avia_inline_auto\" id=\"style-css-av-6b0tkv-0a7b446031250d3485f23dca16d92271\">\n.iconbox.av-6b0tkv-0a7b446031250d3485f23dca16d92271 .iconbox_icon{\ncolor:#000000;\n}\n.iconbox.av-6b0tkv-0a7b446031250d3485f23dca16d92271 .iconbox_icon.avia-svg-icon svg:first-child{\nfill:#000000;\nstroke:#000000;\n}\n#top #wrap_all .iconbox.av-6b0tkv-0a7b446031250d3485f23dca16d92271 .iconbox_content_title{\ncolor:#000000;\n}\n<\/style>\n<article  class='iconbox iconbox_top av-6b0tkv-0a7b446031250d3485f23dca16d92271 av-no-box  avia-builder-el-9  avia-builder-el-no-sibling '  itemscope=\"itemscope\" itemtype=\"https:\/\/schema.org\/CreativeWork\" ><div class=\"iconbox_content\"><header class=\"entry-content-header\" aria-label=\"Ic\u00f4ne : Email\"><div class='iconbox_icon heading-color avia-iconfont avia-font-entypo-fontello' data-av_icon='\ue805' data-av_iconfont='entypo-fontello'  ><\/div><h3 class='iconbox_content_title '  itemprop=\"headline\" >Email<\/h3><\/header><div class='iconbox_content_container '  itemprop=\"text\" ><p style=\"text-align: center;\"><span style=\"color: #000000;\"><a style=\"color: #000000;\" href=\"mailto:info@panamadivecenter.com\">info@panamadivecenter.com<br \/>\n<\/a><a style=\"color: #000000;\" href=\"mailto:camilo@panamadivecenter.com\">camilo@panamadivecenter.com<br \/>\n<\/a><a style=\"color: #000000;\" href=\"mailto:bina@panamadivecenter.com\">bina@panamadivecenter.com<\/a><\/span><\/p>\n<\/div><\/div><footer class=\"entry-footer\"><\/footer><\/article><\/div>\n\n<style type=\"text\/css\" data-created_by=\"avia_inline_auto\" id=\"style-css-av-80srb3-fc05d9a4f1b77648482e4324449076ad\">\n.flex_column.av-80srb3-fc05d9a4f1b77648482e4324449076ad{\nborder-radius:0px 0px 0px 0px;\npadding:0px 0px 0px 0px;\n}\n<\/style>\n<div  class='flex_column av-80srb3-fc05d9a4f1b77648482e4324449076ad av_one_third  avia-builder-el-10  el_after_av_one_third  el_before_av_hr  flex_column_div av-zero-column-padding  column-top-margin'     ><div  class='av_gmaps_sc_main_wrap av_gmaps_main_wrap '><div id='av_gmap_0' class='avia-google-map-container avia-google-map-sc av_gmaps_show_unconditionally av-no-fallback-img ' data-mapid='av_gmap_0'  style='height: 400px;'><a class=\"av_gmaps_browser_disabled av_text_confirm_link av_text_confirm_link_visible\" href=\"https:\/\/www.google.com\/maps\/search\/?api=1&#038;query=Main%20Road%20%20Santa%20Catalina%20%20Panama\" target=\"_blank\">Les cartes ont \u00e9t\u00e9 d\u00e9sactiv\u00e9es par le visiteur sur ce site. Cliquer pour ouvrir la carte dans une nouvelle fen\u00eatre.<\/a><\/div><\/div><\/div>\n<div  class='hr av-keoovjfe-530f64ce0d77b77b44761691c1e31ed7 hr-short  avia-builder-el-12  el_after_av_one_third  avia-builder-el-last  hr-center'><span class='hr-inner '><span class=\"hr-inner-style\"><\/span><\/span><\/div>\n","protected":false},"excerpt":{"rendered":"","protected":false},"author":2,"featured_media":0,"parent":0,"menu_order":0,"comment_status":"open","ping_status":"open","template":"","meta":{"footnotes":""},"class_list":["post-4649","page","type-page","status-publish","hentry"],"yoast_head":"<!-- This site is optimized with the Yoast SEO plugin v27.4 - https:\/\/yoast.com\/product\/yoast-seo-wordpress\/ -->\n<title>Nous Contacter | Santa Catalina, Panama | Panama Dive Center<\/title>\n<meta name=\"description\" content=\"Elu l&#039;activit\u00e9 #1 \u00e0 Santa Catalina, Panama sur TripAdvisor, Panama Dive Center vous aidera \u00e0 avoir la meilleure exp\u00e9rience de plong\u00e9e \u00e0 Coiba.\" \/>\n<meta name=\"robots\" content=\"index, follow, max-snippet:-1, max-image-preview:large, max-video-preview:-1\" \/>\n<link rel=\"canonical\" href=\"https:\/\/panamadivecenter.com\/fr\/panama-dive-center-contact\/\" \/>\n<meta property=\"og:locale\" content=\"fr_FR\" \/>\n<meta property=\"og:type\" content=\"article\" \/>\n<meta property=\"og:title\" content=\"Nous Contacter | Santa Catalina, Panama | Panama Dive Center\" \/>\n<meta property=\"og:description\" content=\"Elu l&#039;activit\u00e9 #1 \u00e0 Santa Catalina, Panama sur TripAdvisor, Panama Dive Center vous aidera \u00e0 avoir la meilleure exp\u00e9rience de plong\u00e9e \u00e0 Coiba.\" \/>\n<meta property=\"og:url\" content=\"https:\/\/panamadivecenter.com\/fr\/panama-dive-center-contact\/\" \/>\n<meta property=\"og:site_name\" content=\"Panama Dive Center\" \/>\n<meta property=\"article:publisher\" content=\"https:\/\/www.facebook.com\/padipanamadivecenter\" \/>\n<meta property=\"article:modified_time\" content=\"2020-09-04T20:53:52+00:00\" \/>\n<meta name=\"twitter:card\" content=\"summary_large_image\" \/>\n<meta name=\"twitter:label1\" content=\"Dur\u00e9e de lecture estim\u00e9e\" \/>\n\t<meta name=\"twitter:data1\" content=\"5 minutes\" \/>\n<script type=\"application\/ld+json\" class=\"yoast-schema-graph\">{\"@context\":\"https:\\\/\\\/schema.org\",\"@graph\":[{\"@type\":\"WebPage\",\"@id\":\"https:\\\/\\\/panamadivecenter.com\\\/fr\\\/panama-dive-center-contact\\\/\",\"url\":\"https:\\\/\\\/panamadivecenter.com\\\/fr\\\/panama-dive-center-contact\\\/\",\"name\":\"Nous Contacter | Santa Catalina, Panama | Panama Dive Center\",\"isPartOf\":{\"@id\":\"https:\\\/\\\/panamadivecenter.com\\\/#website\"},\"datePublished\":\"2013-04-05T13:33:38+00:00\",\"dateModified\":\"2020-09-04T20:53:52+00:00\",\"description\":\"Elu l'activit\u00e9 #1 \u00e0 Santa Catalina, Panama sur TripAdvisor, Panama Dive Center vous aidera \u00e0 avoir la meilleure exp\u00e9rience de plong\u00e9e \u00e0 Coiba.\",\"breadcrumb\":{\"@id\":\"https:\\\/\\\/panamadivecenter.com\\\/fr\\\/panama-dive-center-contact\\\/#breadcrumb\"},\"inLanguage\":\"fr-FR\",\"potentialAction\":[{\"@type\":\"ReadAction\",\"target\":[\"https:\\\/\\\/panamadivecenter.com\\\/fr\\\/panama-dive-center-contact\\\/\"]}]},{\"@type\":\"BreadcrumbList\",\"@id\":\"https:\\\/\\\/panamadivecenter.com\\\/fr\\\/panama-dive-center-contact\\\/#breadcrumb\",\"itemListElement\":[{\"@type\":\"ListItem\",\"position\":1,\"name\":\"Home\",\"item\":\"https:\\\/\\\/panamadivecenter.com\\\/fr\\\/\"},{\"@type\":\"ListItem\",\"position\":2,\"name\":\"Contact\"}]},{\"@type\":\"WebSite\",\"@id\":\"https:\\\/\\\/panamadivecenter.com\\\/#website\",\"url\":\"https:\\\/\\\/panamadivecenter.com\\\/\",\"name\":\"Panama Dive Center\",\"description\":\"Diving Coiba National Park\",\"publisher\":{\"@id\":\"https:\\\/\\\/panamadivecenter.com\\\/#organization\"},\"potentialAction\":[{\"@type\":\"SearchAction\",\"target\":{\"@type\":\"EntryPoint\",\"urlTemplate\":\"https:\\\/\\\/panamadivecenter.com\\\/?s={search_term_string}\"},\"query-input\":{\"@type\":\"PropertyValueSpecification\",\"valueRequired\":true,\"valueName\":\"search_term_string\"}}],\"inLanguage\":\"fr-FR\"},{\"@type\":\"Organization\",\"@id\":\"https:\\\/\\\/panamadivecenter.com\\\/#organization\",\"name\":\"Panama Dive Center\",\"url\":\"https:\\\/\\\/panamadivecenter.com\\\/\",\"logo\":{\"@type\":\"ImageObject\",\"inLanguage\":\"fr-FR\",\"@id\":\"https:\\\/\\\/panamadivecenter.com\\\/#\\\/schema\\\/logo\\\/image\\\/\",\"url\":\"https:\\\/\\\/panamadivecenter.com\\\/wp-content\\\/uploads\\\/2017\\\/12\\\/RAYFB.jpg\",\"contentUrl\":\"https:\\\/\\\/panamadivecenter.com\\\/wp-content\\\/uploads\\\/2017\\\/12\\\/RAYFB.jpg\",\"width\":1026,\"height\":1026,\"caption\":\"Panama Dive Center\"},\"image\":{\"@id\":\"https:\\\/\\\/panamadivecenter.com\\\/#\\\/schema\\\/logo\\\/image\\\/\"},\"sameAs\":[\"https:\\\/\\\/www.facebook.com\\\/padipanamadivecenter\"]}]}<\/script>\n<!-- \/ Yoast SEO plugin. -->","yoast_head_json":{"title":"Nous Contacter | Santa Catalina, Panama | Panama Dive Center","description":"Elu l'activit\u00e9 #1 \u00e0 Santa Catalina, Panama sur TripAdvisor, Panama Dive Center vous aidera \u00e0 avoir la meilleure exp\u00e9rience de plong\u00e9e \u00e0 Coiba.","robots":{"index":"index","follow":"follow","max-snippet":"max-snippet:-1","max-image-preview":"max-image-preview:large","max-video-preview":"max-video-preview:-1"},"canonical":"https:\/\/panamadivecenter.com\/fr\/panama-dive-center-contact\/","og_locale":"fr_FR","og_type":"article","og_title":"Nous Contacter | Santa Catalina, Panama | Panama Dive Center","og_description":"Elu l'activit\u00e9 #1 \u00e0 Santa Catalina, Panama sur TripAdvisor, Panama Dive Center vous aidera \u00e0 avoir la meilleure exp\u00e9rience de plong\u00e9e \u00e0 Coiba.","og_url":"https:\/\/panamadivecenter.com\/fr\/panama-dive-center-contact\/","og_site_name":"Panama Dive Center","article_publisher":"https:\/\/www.facebook.com\/padipanamadivecenter","article_modified_time":"2020-09-04T20:53:52+00:00","twitter_card":"summary_large_image","twitter_misc":{"Dur\u00e9e de lecture estim\u00e9e":"5 minutes"},"schema":{"@context":"https:\/\/schema.org","@graph":[{"@type":"WebPage","@id":"https:\/\/panamadivecenter.com\/fr\/panama-dive-center-contact\/","url":"https:\/\/panamadivecenter.com\/fr\/panama-dive-center-contact\/","name":"Nous Contacter | Santa Catalina, Panama | Panama Dive Center","isPartOf":{"@id":"https:\/\/panamadivecenter.com\/#website"},"datePublished":"2013-04-05T13:33:38+00:00","dateModified":"2020-09-04T20:53:52+00:00","description":"Elu l'activit\u00e9 #1 \u00e0 Santa Catalina, Panama sur TripAdvisor, Panama Dive Center vous aidera \u00e0 avoir la meilleure exp\u00e9rience de plong\u00e9e \u00e0 Coiba.","breadcrumb":{"@id":"https:\/\/panamadivecenter.com\/fr\/panama-dive-center-contact\/#breadcrumb"},"inLanguage":"fr-FR","potentialAction":[{"@type":"ReadAction","target":["https:\/\/panamadivecenter.com\/fr\/panama-dive-center-contact\/"]}]},{"@type":"BreadcrumbList","@id":"https:\/\/panamadivecenter.com\/fr\/panama-dive-center-contact\/#breadcrumb","itemListElement":[{"@type":"ListItem","position":1,"name":"Home","item":"https:\/\/panamadivecenter.com\/fr\/"},{"@type":"ListItem","position":2,"name":"Contact"}]},{"@type":"WebSite","@id":"https:\/\/panamadivecenter.com\/#website","url":"https:\/\/panamadivecenter.com\/","name":"Panama Dive Center","description":"Diving Coiba National Park","publisher":{"@id":"https:\/\/panamadivecenter.com\/#organization"},"potentialAction":[{"@type":"SearchAction","target":{"@type":"EntryPoint","urlTemplate":"https:\/\/panamadivecenter.com\/?s={search_term_string}"},"query-input":{"@type":"PropertyValueSpecification","valueRequired":true,"valueName":"search_term_string"}}],"inLanguage":"fr-FR"},{"@type":"Organization","@id":"https:\/\/panamadivecenter.com\/#organization","name":"Panama Dive Center","url":"https:\/\/panamadivecenter.com\/","logo":{"@type":"ImageObject","inLanguage":"fr-FR","@id":"https:\/\/panamadivecenter.com\/#\/schema\/logo\/image\/","url":"https:\/\/panamadivecenter.com\/wp-content\/uploads\/2017\/12\/RAYFB.jpg","contentUrl":"https:\/\/panamadivecenter.com\/wp-content\/uploads\/2017\/12\/RAYFB.jpg","width":1026,"height":1026,"caption":"Panama Dive Center"},"image":{"@id":"https:\/\/panamadivecenter.com\/#\/schema\/logo\/image\/"},"sameAs":["https:\/\/www.facebook.com\/padipanamadivecenter"]}]}},"jetpack_sharing_enabled":true,"_links":{"self":[{"href":"https:\/\/panamadivecenter.com\/fr\/wp-json\/wp\/v2\/pages\/4649","targetHints":{"allow":["GET"]}}],"collection":[{"href":"https:\/\/panamadivecenter.com\/fr\/wp-json\/wp\/v2\/pages"}],"about":[{"href":"https:\/\/panamadivecenter.com\/fr\/wp-json\/wp\/v2\/types\/page"}],"author":[{"embeddable":true,"href":"https:\/\/panamadivecenter.com\/fr\/wp-json\/wp\/v2\/users\/2"}],"replies":[{"embeddable":true,"href":"https:\/\/panamadivecenter.com\/fr\/wp-json\/wp\/v2\/comments?post=4649"}],"version-history":[{"count":15,"href":"https:\/\/panamadivecenter.com\/fr\/wp-json\/wp\/v2\/pages\/4649\/revisions"}],"predecessor-version":[{"id":4650,"href":"https:\/\/panamadivecenter.com\/fr\/wp-json\/wp\/v2\/pages\/4649\/revisions\/4650"}],"wp:attachment":[{"href":"https:\/\/panamadivecenter.com\/fr\/wp-json\/wp\/v2\/media?parent=4649"}],"curies":[{"name":"wp","href":"https:\/\/api.w.org\/{rel}","templated":true}]}}