{"id":4504,"date":"2015-02-21T15:17:15","date_gmt":"2015-02-21T15:17:15","guid":{"rendered":"http:\/\/panamadivecenter.com\/general-information-2\/"},"modified":"2026-04-05T09:05:20","modified_gmt":"2026-04-05T14:05:20","slug":"informations-generales","status":"publish","type":"page","link":"https:\/\/panamadivecenter.com\/fr\/informations-generales\/","title":{"rendered":"Informations g\u00e9n\u00e9rales"},"content":{"rendered":"\n<style type=\"text\/css\" data-created_by=\"avia_inline_auto\" id=\"style-css-av-av_heading-df57397181c85f187ef69b7865f2fa73\">\n#top .av-special-heading.av-av_heading-df57397181c85f187ef69b7865f2fa73{\npadding-bottom:10px;\ncolor:#000000;\n}\nbody .av-special-heading.av-av_heading-df57397181c85f187ef69b7865f2fa73 .av-special-heading-tag .heading-char{\nfont-size:25px;\n}\n.av-special-heading.av-av_heading-df57397181c85f187ef69b7865f2fa73 .special-heading-inner-border{\nborder-color:#000000;\n}\n.av-special-heading.av-av_heading-df57397181c85f187ef69b7865f2fa73 .av-subheading{\nfont-size:15px;\n}\n<\/style>\n<div  class='av-special-heading av-av_heading-df57397181c85f187ef69b7865f2fa73 av-special-heading-h1 custom-color-heading  avia-builder-el-0  el_before_av_video  avia-builder-el-first '><h1 class='av-special-heading-tag '  itemprop=\"headline\"  >Plong\u00e9e dans Le Parc National de Coiba<\/h1><div class=\"special-heading-border\"><div class=\"special-heading-inner-border\"><\/div><\/div><\/div>\n<div  class='avia-video av-mgjkwswp-17c9ca1c2602779be65a2b8a902c7017 avia-video-16-9 av-no-preview-image avia-video-load-always av-lazyload-immediate av-lazyload-video-embed'  itemprop=\"video\" itemtype=\"https:\/\/schema.org\/VideoObject\"  data-original_url='https:\/\/www.youtube.com\/watch?v=4s27I5UvSDI'><script type='text\/html' class='av-video-tmpl'><div class='avia-iframe-wrap'><iframe loading=\"lazy\" title=\"Panama Dive Center SA\" width=\"1500\" height=\"844\" src=\"https:\/\/www.youtube.com\/embed\/4s27I5UvSDI?feature=oembed&enablejsapi=1&origin=https:\/\/panamadivecenter.com&autoplay=0&loop=0&controls=1&mute=0\" frameborder=\"0\" allow=\"accelerometer; autoplay; clipboard-write; encrypted-media; gyroscope; picture-in-picture; web-share\" referrerpolicy=\"strict-origin-when-cross-origin\" allowfullscreen><\/iframe><\/div><\/script><div class='av-click-to-play-overlay'><div class=\"avia_playpause_icon\"><\/div><\/div><\/div>\n<div  class='flex_column av-bfrgh5-25d20587715b3e7e519f4b0b806fe5b5 av_one_half  avia-builder-el-2  el_after_av_video  el_before_av_one_half  first flex_column_div  '     ><p>\n<style type=\"text\/css\" data-created_by=\"avia_inline_auto\" id=\"style-css-av-8i8di1-5a66e9de1af3ecce64233ccd223c35e1\">\n.avia-image-container.av-8i8di1-5a66e9de1af3ecce64233ccd223c35e1 img.avia_image{\nbox-shadow:none;\n}\n.avia-image-container.av-8i8di1-5a66e9de1af3ecce64233ccd223c35e1 .av-image-caption-overlay-center{\ncolor:#ffffff;\n}\n<\/style>\n<div  class='avia-image-container av-8i8di1-5a66e9de1af3ecce64233ccd223c35e1 av-styling- avia-align-center  avia-builder-el-3  el_before_av_textblock  avia-builder-el-first '   itemprop=\"image\" itemscope=\"itemscope\" itemtype=\"https:\/\/schema.org\/ImageObject\" ><div class=\"avia-image-container-inner\"><div class=\"avia-image-overlay-wrap\"><img decoding=\"async\" fetchpriority=\"high\" class='wp-image-11272 avia-img-lazy-loading-not-11272 avia_image ' src=\"https:\/\/panamadivecenter.com\/wp-content\/uploads\/2020\/06\/Coiba-barracudas-845x684.jpg\" alt='barracuda-diving-coiba-panama' title='Coiba barracudas'  height=\"684\" width=\"845\"  itemprop=\"thumbnailUrl\" srcset=\"https:\/\/panamadivecenter.com\/wp-content\/uploads\/2020\/06\/Coiba-barracudas-845x684.jpg 845w, https:\/\/panamadivecenter.com\/wp-content\/uploads\/2020\/06\/Coiba-barracudas-495x400.jpg 495w\" sizes=\"(max-width: 845px) 100vw, 845px\" \/><\/div><\/div><\/div><br \/>\n<section  class='av_textblock_section av-67zrpl-b6523a8af897e41c2f0c1483740fb028 '   itemscope=\"itemscope\" itemtype=\"https:\/\/schema.org\/CreativeWork\" ><div class='avia_textblock'  itemprop=\"text\" ><h5><span style=\"text-decoration: underline; color: #000000;\">Profils de plong\u00e9e<\/span><\/h5>\n<p data-start=\"6992\" data-end=\"7445\"><span style=\"color: #333333;\">Les plong\u00e9es durent g\u00e9n\u00e9ralement environ 50 minutes, selon les conditions et la consommation d\u2019air, et varient entre 10 m et 30 m de profondeur. Les sites offrent une grande diversit\u00e9 de conditions, allant de plong\u00e9es calmes et peu profondes \u00e0 des plong\u00e9es plus profondes avec des courants plus forts. Nous adaptons toujours le choix des sites \u00e0 l\u2019exp\u00e9rience des plongeurs, \u00e0 la saison et aux conditions maritimes.<\/span><\/p>\n<p data-start=\"7447\" data-end=\"7818\"><span style=\"color: #333333;\">Pour beaucoup, cette zone offre le parfait \u00e9quilibre entre beaut\u00e9 et aventure, avec des rencontres marines et des conditions vari\u00e9es qui s\u00e9duisent m\u00eame les plongeurs les plus exp\u00e9riment\u00e9s. La temp\u00e9rature de l\u2019eau se situe g\u00e9n\u00e9ralement entre 26 \u00b0C et 30 \u00b0C, mais de mi-mars \u00e0 d\u00e9but juin, des thermoclines peuvent faire chuter la temp\u00e9rature \u00e0 18 \u2013 24 \u00b0C.<\/span><\/p>\n<h5><span style=\"text-decoration: underline; color: #000000;\">Prix<\/span><\/h5>\n<p><span style=\"color: #000000;\">2 plong\u00e9es $155, 3 plong\u00e9es $185 (afin de garantir votre securit\u00e9, pendant la saison des pluies, nous ne pouvons garantir la 3\u00e8me plong\u00e9e qui d\u00e9pend des conditions m\u00e9t\u00e9orologiques. Si celle-ci \u00e0 lieu, nous vous demanderons de payer le supplement de $30 \u00e0 votre retour).<\/span><\/p>\n<p><span style=\"color: #000000;\"><span style=\"text-decoration: underline;\">Inclus dans les tarifs:<\/span> \u00e9quipement dont un ordinateur de plong\u00e9e, d\u00e9jeuner (riz avec du poulet ou des l\u00e9gumes), fruit, eau<\/span><\/p>\n<p><span style=\"color: #000000;\"><span style=\"text-decoration: underline;\">Non inclus dans les tarifs:<\/span>\u00a0le droit d\u2019entr\u00e9e au parc ($20 \u00e9trangers, $5 Panam\u00e9ens et r\u00e9sidents \u00e0 payer en cash)<\/span><\/p>\n<p><span style=\"color: #000000;\">Si vous avez d\u2019autres questions,\u00a0<span style=\"text-decoration: underline; color: #0000ff;\"><a style=\"color: #0000ff; text-decoration: underline;\" href=\"https:\/\/panamadivecenter.com\/fr\/panama-dive-center-contact\/\" target=\"_blank\" rel=\"noopener noreferrer\">contactez-nous<\/a><\/span>\u00a0!<\/span><\/p>\n<\/div><\/section><\/p><\/div>\n<style type=\"text\/css\" data-created_by=\"avia_inline_auto\" id=\"style-css-av-7jfl6x-27d9bb046f80493cf1f987c8d6219189\">\n.flex_column.av-7jfl6x-27d9bb046f80493cf1f987c8d6219189{\nborder-radius:0px 0px 0px 0px;\npadding:0px 0px 0px 0px;\n}\n<\/style>\n<div  class='flex_column av-7jfl6x-27d9bb046f80493cf1f987c8d6219189 av_one_half  avia-builder-el-5  el_after_av_one_half  el_before_av_one_full  flex_column_div av-zero-column-padding  '     ><section  class='av_textblock_section av-67zrpl-beafa58387575fdb93d2deb56916d12f '   itemscope=\"itemscope\" itemtype=\"https:\/\/schema.org\/CreativeWork\" ><div class='avia_textblock'  itemprop=\"text\" ><h5><span style=\"color: #333333;\"><u>Nos sorties\u00a0pour plongeurs certifi\u00e9s<\/u><\/span><\/h5>\n<p data-start=\"5304\" data-end=\"5856\"><span style=\"color: #333333;\">Nous organisons des sorties quotidiennes de plong\u00e9e vers le Parc National de Coiba depuis Santa Catalina. Nous nous retrouvons au centre de plong\u00e9e \u00e0 7h30 pour un caf\u00e9 et un briefing, puis faisons une courte marche jusqu\u2019\u00e0 la plage avant de partir en bateau vers le parc. Le trajet jusqu\u2019aux sites de plong\u00e9e dure environ une heure et demie. Nous effectuons deux \u00e0 trois plong\u00e9es par jour, selon vos pr\u00e9f\u00e9rences (et parfois selon la m\u00e9t\u00e9o), et rentrons g\u00e9n\u00e9ralement entre 15h30 et 16h00.<\/span><\/p>\n<p data-start=\"5858\" data-end=\"6285\"><span style=\"color: #333333;\">Tous nos sites de plong\u00e9e se trouvent dans le Parc national de Coiba, class\u00e9 au patrimoine mondial de l\u2019UNESCO. Ce parc est compos\u00e9 de plusieurs \u00eeles magnifiques, dont Coiba, Isla Rancher\u00eda, Canales et la zone de Contreras. Pendant les intervalles de surface et la pause d\u00e9jeuner, nous faisons halte sur les plages pr\u00e9serv\u00e9es du parc \u2014 abritant singes, agoutis, crocodiles, iguanes et de nombreuses esp\u00e8ces d\u2019oiseaux.<\/span><\/p>\n<h5><span style=\"color: #333333;\"><u>Que peut on voir?<\/u><\/span><\/h5>\n<p><span style=\"color: #333333;\">La plong\u00e9e ici est v\u00e9ritablement spectaculaire. M\u00eame si les r\u00e9cifs ne sont pas particuli\u00e8rement color\u00e9s, la richesse de la vie marine fait de Coiba une destination de plong\u00e9e de premier plan. Vous pourrez observer des requins de r\u00e9cif \u00e0 pointes blanches, des tortues, des dauphins, des raies aigles, des raies pastenagues, des homards, des hippocampes, des poissons-grenouilles, des carangues, des barracudas, des mur\u00e8nes, des wahoos, des vivaneaux et de nombreux poissons de r\u00e9cif color\u00e9s. En p\u00e9riode de plancton, il est parfois possible de croiser un requin-baleine ou une raie manta g\u00e9ante, et entre juillet et septembre, des baleines \u00e0 bosse \u00e0 la surface. Rendez-vous sur notre <span style=\"text-decoration: underline;\"><a style=\"color: #333333; text-decoration: underline;\" title=\"Gallery\" href=\"https:\/\/panamadivecenter.com\/fr\/panama-dive-center-gallery\/\" target=\"_blank\" rel=\"noopener noreferrer\">galerie<\/a><\/span>\u00a0pour plus d\u2019images.<\/span><\/p>\n<\/div><\/section><br \/>\n\n<style type=\"text\/css\" data-created_by=\"avia_inline_auto\" id=\"style-css-av-8i8di1-260ed887d6d8f63bb84eedb5e6c380c6\">\n.avia-image-container.av-8i8di1-260ed887d6d8f63bb84eedb5e6c380c6 img.avia_image{\nbox-shadow:none;\n}\n.avia-image-container.av-8i8di1-260ed887d6d8f63bb84eedb5e6c380c6 .av-image-caption-overlay-center{\ncolor:#ffffff;\n}\n<\/style>\n<div  class='avia-image-container av-8i8di1-260ed887d6d8f63bb84eedb5e6c380c6 av-styling- avia-align-center  avia-builder-el-7  el_after_av_textblock  avia-builder-el-last '   itemprop=\"image\" itemscope=\"itemscope\" itemtype=\"https:\/\/schema.org\/ImageObject\" ><div class=\"avia-image-container-inner\"><div class=\"avia-image-overlay-wrap\"><img decoding=\"async\" fetchpriority=\"high\" class='wp-image-11280 avia-img-lazy-loading-not-11280 avia_image ' src=\"https:\/\/panamadivecenter.com\/wp-content\/uploads\/2020\/06\/Coiba-stingray-845x684.jpg\" alt='stingray-diving-coiba-panama' title='Coiba stingray'  height=\"684\" width=\"845\"  itemprop=\"thumbnailUrl\" srcset=\"https:\/\/panamadivecenter.com\/wp-content\/uploads\/2020\/06\/Coiba-stingray-845x684.jpg 845w, https:\/\/panamadivecenter.com\/wp-content\/uploads\/2020\/06\/Coiba-stingray-495x400.jpg 495w\" sizes=\"(max-width: 845px) 100vw, 845px\" \/><\/div><\/div><\/div><\/p><\/div><\/p>\n<div  class='flex_column av-av_one_full-7714eba142aeda1f8b5272a3c372b279 av_one_full  avia-builder-el-8  el_after_av_one_half  el_before_av_one_fifth  first flex_column_div  column-top-margin'     ><div  class='avia-button-wrap av-2awohl-b86ece3da7ecb58f56fa537f55da926d-wrap avia-button-center  avia-builder-el-9  avia-builder-el-no-sibling '><a href='https:\/\/panamadivecenter.rezdy.com\/74187\/2-or-3-fun-dives-at-coiba-national-park'  class='avia-button av-2awohl-b86ece3da7ecb58f56fa537f55da926d av-link-btn avia-icon_select-yes-left-icon avia-size-small avia-position-center avia-color-theme-color'  target=\"_blank\"  rel=\"noopener noreferrer\"  aria-label=\"R\u00e9servez maintenant!\"><span class='avia_button_icon avia_button_icon_left avia-iconfont avia-font-entypo-fontello' data-av_icon='\ue8ce' data-av_iconfont='entypo-fontello' ><\/span><span class='avia_iconbox_title' >R\u00e9servez maintenant!<\/span><\/a><\/div><\/div>\n<div  class='flex_column av-av_one_fifth-7714eba142aeda1f8b5272a3c372b279 av_one_fifth  avia-builder-el-10  el_after_av_one_full  el_before_av_three_fifth  first flex_column_div  column-top-margin'     ><\/div>\n<div  class='flex_column av-av_three_fifth-f1c518e9ff58e869f80c8f093487abc9 av_three_fifth  avia-builder-el-11  el_after_av_one_fifth  el_before_av_one_fifth  flex_column_div  column-top-margin'     ><\/div>\n<div  class='flex_column av-av_one_fifth-f1c518e9ff58e869f80c8f093487abc9 av_one_fifth  avia-builder-el-13  el_after_av_three_fifth  el_before_av_hr  flex_column_div  column-top-margin'     ><\/div>\n<div  class='hr av-4glqxl-8fb8ac64990eb58bc56b052f79d8473a hr-short  avia-builder-el-14  el_after_av_one_fifth  el_before_av_video  hr-center'><span class='hr-inner '><span class=\"hr-inner-style\"><\/span><\/span><\/div>\n<div  class='avia-video av-av_video-469a604ebe6aa7338aad47c5224514cc avia-video-16:9 av-no-preview-image avia-video-load-always av-lazyload-immediate av-lazyload-video-embed'  itemprop=\"video\" itemtype=\"https:\/\/schema.org\/VideoObject\"  data-original_url='https:\/\/'><script type='text\/html' class='av-video-tmpl'><a href=\"https:\/\/\">https:\/\/<\/a><\/script><div class='av-click-to-play-overlay'><div class=\"avia_playpause_icon\"><\/div><\/div><\/div>\n","protected":false},"excerpt":{"rendered":"","protected":false},"author":2,"featured_media":0,"parent":0,"menu_order":0,"comment_status":"closed","ping_status":"open","template":"","meta":{"footnotes":""},"class_list":["post-4504","page","type-page","status-publish","hentry"],"yoast_head":"<!-- This site is optimized with the Yoast SEO plugin v27.4 - https:\/\/yoast.com\/product\/yoast-seo-wordpress\/ -->\n<title>Informations G\u00e9n\u00e9rale sur la Plong\u00e9e \u00e0 Coiba | Panama Dive Center<\/title>\n<meta name=\"description\" content=\"Nous faisons des sorties quotidiennes depuis Santa Catalina jusqu&#039;au Parc National de Coiba. Nous partons en g\u00e9n\u00e9ral vers 8h30 et revenons vers 16h30.\" \/>\n<meta name=\"robots\" content=\"index, follow, max-snippet:-1, max-image-preview:large, max-video-preview:-1\" \/>\n<link rel=\"canonical\" href=\"https:\/\/panamadivecenter.com\/fr\/informations-generales\/\" \/>\n<meta property=\"og:locale\" content=\"fr_FR\" \/>\n<meta property=\"og:type\" content=\"article\" \/>\n<meta property=\"og:title\" content=\"Informations G\u00e9n\u00e9rale sur la Plong\u00e9e \u00e0 Coiba | Panama Dive Center\" \/>\n<meta property=\"og:description\" content=\"Nous faisons des sorties quotidiennes depuis Santa Catalina jusqu&#039;au Parc National de Coiba. Nous partons en g\u00e9n\u00e9ral vers 8h30 et revenons vers 16h30.\" \/>\n<meta property=\"og:url\" content=\"https:\/\/panamadivecenter.com\/fr\/informations-generales\/\" \/>\n<meta property=\"og:site_name\" content=\"Panama Dive Center\" \/>\n<meta property=\"article:publisher\" content=\"https:\/\/www.facebook.com\/padipanamadivecenter\" \/>\n<meta property=\"article:modified_time\" content=\"2026-04-05T14:05:20+00:00\" \/>\n<meta property=\"og:image\" content=\"https:\/\/media.dan.org\/referral\/worldBanner_970x90.jpg\" \/>\n<meta name=\"twitter:card\" content=\"summary_large_image\" \/>\n<meta name=\"twitter:label1\" content=\"Dur\u00e9e de lecture estim\u00e9e\" \/>\n\t<meta name=\"twitter:data1\" content=\"3 minutes\" \/>\n<script type=\"application\/ld+json\" class=\"yoast-schema-graph\">{\"@context\":\"https:\\\/\\\/schema.org\",\"@graph\":[{\"@type\":\"WebPage\",\"@id\":\"https:\\\/\\\/panamadivecenter.com\\\/fr\\\/informations-generales\\\/\",\"url\":\"https:\\\/\\\/panamadivecenter.com\\\/fr\\\/informations-generales\\\/\",\"name\":\"Informations G\u00e9n\u00e9rale sur la Plong\u00e9e \u00e0 Coiba | Panama Dive Center\",\"isPartOf\":{\"@id\":\"https:\\\/\\\/panamadivecenter.com\\\/#website\"},\"primaryImageOfPage\":{\"@id\":\"https:\\\/\\\/panamadivecenter.com\\\/fr\\\/informations-generales\\\/#primaryimage\"},\"image\":{\"@id\":\"https:\\\/\\\/panamadivecenter.com\\\/fr\\\/informations-generales\\\/#primaryimage\"},\"thumbnailUrl\":\"https:\\\/\\\/media.dan.org\\\/referral\\\/worldBanner_970x90.jpg\",\"datePublished\":\"2015-02-21T15:17:15+00:00\",\"dateModified\":\"2026-04-05T14:05:20+00:00\",\"description\":\"Nous faisons des sorties quotidiennes depuis Santa Catalina jusqu'au Parc National de Coiba. Nous partons en g\u00e9n\u00e9ral vers 8h30 et revenons vers 16h30.\",\"breadcrumb\":{\"@id\":\"https:\\\/\\\/panamadivecenter.com\\\/fr\\\/informations-generales\\\/#breadcrumb\"},\"inLanguage\":\"fr-FR\",\"potentialAction\":[{\"@type\":\"ReadAction\",\"target\":[\"https:\\\/\\\/panamadivecenter.com\\\/fr\\\/informations-generales\\\/\"]}]},{\"@type\":\"ImageObject\",\"inLanguage\":\"fr-FR\",\"@id\":\"https:\\\/\\\/panamadivecenter.com\\\/fr\\\/informations-generales\\\/#primaryimage\",\"url\":\"https:\\\/\\\/media.dan.org\\\/referral\\\/worldBanner_970x90.jpg\",\"contentUrl\":\"https:\\\/\\\/media.dan.org\\\/referral\\\/worldBanner_970x90.jpg\"},{\"@type\":\"BreadcrumbList\",\"@id\":\"https:\\\/\\\/panamadivecenter.com\\\/fr\\\/informations-generales\\\/#breadcrumb\",\"itemListElement\":[{\"@type\":\"ListItem\",\"position\":1,\"name\":\"Home\",\"item\":\"https:\\\/\\\/panamadivecenter.com\\\/fr\\\/\"},{\"@type\":\"ListItem\",\"position\":2,\"name\":\"Informations g\u00e9n\u00e9rales\"}]},{\"@type\":\"WebSite\",\"@id\":\"https:\\\/\\\/panamadivecenter.com\\\/#website\",\"url\":\"https:\\\/\\\/panamadivecenter.com\\\/\",\"name\":\"Panama Dive Center\",\"description\":\"Diving Coiba National Park\",\"publisher\":{\"@id\":\"https:\\\/\\\/panamadivecenter.com\\\/#organization\"},\"potentialAction\":[{\"@type\":\"SearchAction\",\"target\":{\"@type\":\"EntryPoint\",\"urlTemplate\":\"https:\\\/\\\/panamadivecenter.com\\\/?s={search_term_string}\"},\"query-input\":{\"@type\":\"PropertyValueSpecification\",\"valueRequired\":true,\"valueName\":\"search_term_string\"}}],\"inLanguage\":\"fr-FR\"},{\"@type\":\"Organization\",\"@id\":\"https:\\\/\\\/panamadivecenter.com\\\/#organization\",\"name\":\"Panama Dive Center\",\"url\":\"https:\\\/\\\/panamadivecenter.com\\\/\",\"logo\":{\"@type\":\"ImageObject\",\"inLanguage\":\"fr-FR\",\"@id\":\"https:\\\/\\\/panamadivecenter.com\\\/#\\\/schema\\\/logo\\\/image\\\/\",\"url\":\"https:\\\/\\\/panamadivecenter.com\\\/wp-content\\\/uploads\\\/2017\\\/12\\\/RAYFB.jpg\",\"contentUrl\":\"https:\\\/\\\/panamadivecenter.com\\\/wp-content\\\/uploads\\\/2017\\\/12\\\/RAYFB.jpg\",\"width\":1026,\"height\":1026,\"caption\":\"Panama Dive Center\"},\"image\":{\"@id\":\"https:\\\/\\\/panamadivecenter.com\\\/#\\\/schema\\\/logo\\\/image\\\/\"},\"sameAs\":[\"https:\\\/\\\/www.facebook.com\\\/padipanamadivecenter\"]}]}<\/script>\n<!-- \/ Yoast SEO plugin. -->","yoast_head_json":{"title":"Informations G\u00e9n\u00e9rale sur la Plong\u00e9e \u00e0 Coiba | Panama Dive Center","description":"Nous faisons des sorties quotidiennes depuis Santa Catalina jusqu'au Parc National de Coiba. Nous partons en g\u00e9n\u00e9ral vers 8h30 et revenons vers 16h30.","robots":{"index":"index","follow":"follow","max-snippet":"max-snippet:-1","max-image-preview":"max-image-preview:large","max-video-preview":"max-video-preview:-1"},"canonical":"https:\/\/panamadivecenter.com\/fr\/informations-generales\/","og_locale":"fr_FR","og_type":"article","og_title":"Informations G\u00e9n\u00e9rale sur la Plong\u00e9e \u00e0 Coiba | Panama Dive Center","og_description":"Nous faisons des sorties quotidiennes depuis Santa Catalina jusqu'au Parc National de Coiba. Nous partons en g\u00e9n\u00e9ral vers 8h30 et revenons vers 16h30.","og_url":"https:\/\/panamadivecenter.com\/fr\/informations-generales\/","og_site_name":"Panama Dive Center","article_publisher":"https:\/\/www.facebook.com\/padipanamadivecenter","article_modified_time":"2026-04-05T14:05:20+00:00","og_image":[{"url":"https:\/\/media.dan.org\/referral\/worldBanner_970x90.jpg","type":"","width":"","height":""}],"twitter_card":"summary_large_image","twitter_misc":{"Dur\u00e9e de lecture estim\u00e9e":"3 minutes"},"schema":{"@context":"https:\/\/schema.org","@graph":[{"@type":"WebPage","@id":"https:\/\/panamadivecenter.com\/fr\/informations-generales\/","url":"https:\/\/panamadivecenter.com\/fr\/informations-generales\/","name":"Informations G\u00e9n\u00e9rale sur la Plong\u00e9e \u00e0 Coiba | Panama Dive Center","isPartOf":{"@id":"https:\/\/panamadivecenter.com\/#website"},"primaryImageOfPage":{"@id":"https:\/\/panamadivecenter.com\/fr\/informations-generales\/#primaryimage"},"image":{"@id":"https:\/\/panamadivecenter.com\/fr\/informations-generales\/#primaryimage"},"thumbnailUrl":"https:\/\/media.dan.org\/referral\/worldBanner_970x90.jpg","datePublished":"2015-02-21T15:17:15+00:00","dateModified":"2026-04-05T14:05:20+00:00","description":"Nous faisons des sorties quotidiennes depuis Santa Catalina jusqu'au Parc National de Coiba. Nous partons en g\u00e9n\u00e9ral vers 8h30 et revenons vers 16h30.","breadcrumb":{"@id":"https:\/\/panamadivecenter.com\/fr\/informations-generales\/#breadcrumb"},"inLanguage":"fr-FR","potentialAction":[{"@type":"ReadAction","target":["https:\/\/panamadivecenter.com\/fr\/informations-generales\/"]}]},{"@type":"ImageObject","inLanguage":"fr-FR","@id":"https:\/\/panamadivecenter.com\/fr\/informations-generales\/#primaryimage","url":"https:\/\/media.dan.org\/referral\/worldBanner_970x90.jpg","contentUrl":"https:\/\/media.dan.org\/referral\/worldBanner_970x90.jpg"},{"@type":"BreadcrumbList","@id":"https:\/\/panamadivecenter.com\/fr\/informations-generales\/#breadcrumb","itemListElement":[{"@type":"ListItem","position":1,"name":"Home","item":"https:\/\/panamadivecenter.com\/fr\/"},{"@type":"ListItem","position":2,"name":"Informations g\u00e9n\u00e9rales"}]},{"@type":"WebSite","@id":"https:\/\/panamadivecenter.com\/#website","url":"https:\/\/panamadivecenter.com\/","name":"Panama Dive Center","description":"Diving Coiba National Park","publisher":{"@id":"https:\/\/panamadivecenter.com\/#organization"},"potentialAction":[{"@type":"SearchAction","target":{"@type":"EntryPoint","urlTemplate":"https:\/\/panamadivecenter.com\/?s={search_term_string}"},"query-input":{"@type":"PropertyValueSpecification","valueRequired":true,"valueName":"search_term_string"}}],"inLanguage":"fr-FR"},{"@type":"Organization","@id":"https:\/\/panamadivecenter.com\/#organization","name":"Panama Dive Center","url":"https:\/\/panamadivecenter.com\/","logo":{"@type":"ImageObject","inLanguage":"fr-FR","@id":"https:\/\/panamadivecenter.com\/#\/schema\/logo\/image\/","url":"https:\/\/panamadivecenter.com\/wp-content\/uploads\/2017\/12\/RAYFB.jpg","contentUrl":"https:\/\/panamadivecenter.com\/wp-content\/uploads\/2017\/12\/RAYFB.jpg","width":1026,"height":1026,"caption":"Panama Dive Center"},"image":{"@id":"https:\/\/panamadivecenter.com\/#\/schema\/logo\/image\/"},"sameAs":["https:\/\/www.facebook.com\/padipanamadivecenter"]}]}},"jetpack_sharing_enabled":true,"_links":{"self":[{"href":"https:\/\/panamadivecenter.com\/fr\/wp-json\/wp\/v2\/pages\/4504","targetHints":{"allow":["GET"]}}],"collection":[{"href":"https:\/\/panamadivecenter.com\/fr\/wp-json\/wp\/v2\/pages"}],"about":[{"href":"https:\/\/panamadivecenter.com\/fr\/wp-json\/wp\/v2\/types\/page"}],"author":[{"embeddable":true,"href":"https:\/\/panamadivecenter.com\/fr\/wp-json\/wp\/v2\/users\/2"}],"replies":[{"embeddable":true,"href":"https:\/\/panamadivecenter.com\/fr\/wp-json\/wp\/v2\/comments?post=4504"}],"version-history":[{"count":34,"href":"https:\/\/panamadivecenter.com\/fr\/wp-json\/wp\/v2\/pages\/4504\/revisions"}],"predecessor-version":[{"id":27547,"href":"https:\/\/panamadivecenter.com\/fr\/wp-json\/wp\/v2\/pages\/4504\/revisions\/27547"}],"wp:attachment":[{"href":"https:\/\/panamadivecenter.com\/fr\/wp-json\/wp\/v2\/media?parent=4504"}],"curies":[{"name":"wp","href":"https:\/\/api.w.org\/{rel}","templated":true}]}}