{"id":25689,"date":"2023-03-13T17:36:46","date_gmt":"2023-03-13T17:36:46","guid":{"rendered":"https:\/\/panamadivecenter.com\/contreras\/"},"modified":"2026-04-25T17:22:04","modified_gmt":"2026-04-25T22:22:04","slug":"contreras","status":"publish","type":"page","link":"https:\/\/panamadivecenter.com\/fr\/contreras\/","title":{"rendered":"Contreras"},"content":{"rendered":"\n<style type=\"text\/css\" data-created_by=\"avia_inline_auto\" id=\"style-css-av-lbjuwqko-1ad0d03c9aa894d181814d941223df37\">\n#top .av-special-heading.av-lbjuwqko-1ad0d03c9aa894d181814d941223df37{\npadding-bottom:10px;\ncolor:#000000;\n}\nbody .av-special-heading.av-lbjuwqko-1ad0d03c9aa894d181814d941223df37 .av-special-heading-tag .heading-char{\nfont-size:25px;\n}\n.av-special-heading.av-lbjuwqko-1ad0d03c9aa894d181814d941223df37 .special-heading-inner-border{\nborder-color:#000000;\n}\n.av-special-heading.av-lbjuwqko-1ad0d03c9aa894d181814d941223df37 .av-subheading{\nfont-size:15px;\n}\n<\/style>\n<div  class='av-special-heading av-lbjuwqko-1ad0d03c9aa894d181814d941223df37 av-special-heading-h1 custom-color-heading  avia-builder-el-0  el_before_av_one_half  avia-builder-el-first '><h1 class='av-special-heading-tag '  itemprop=\"headline\"  >Contreras<\/h1><div class=\"special-heading-border\"><div class=\"special-heading-inner-border\"><\/div><\/div><\/div>\n<div  class='flex_column av-3klx6l-4f249efe3a1f664f88581cfef31984f2 av_one_half  avia-builder-el-1  el_after_av_heading  el_before_av_one_half  first flex_column_div  '     ><p>\n<style type=\"text\/css\" data-created_by=\"avia_inline_auto\" id=\"style-css-av-lf73rw75-9f77d347caa8d02fa39363dc8b47b7d3\">\n.avia-image-container.av-lf73rw75-9f77d347caa8d02fa39363dc8b47b7d3 img.avia_image{\nbox-shadow:none;\n}\n.avia-image-container.av-lf73rw75-9f77d347caa8d02fa39363dc8b47b7d3 .av-image-caption-overlay-center{\ncolor:#ffffff;\n}\n<\/style>\n<div  class='avia-image-container av-lf73rw75-9f77d347caa8d02fa39363dc8b47b7d3 av-styling- avia-align-center  avia-builder-el-2  el_before_av_textblock  avia-builder-el-first '   itemprop=\"image\" itemscope=\"itemscope\" itemtype=\"https:\/\/schema.org\/ImageObject\" ><div class=\"avia-image-container-inner\"><div class=\"avia-image-overlay-wrap\"><img decoding=\"async\" fetchpriority=\"high\" class='wp-image-25683 avia-img-lazy-loading-not-25683 avia_image ' src=\"https:\/\/panamadivecenter.com\/wp-content\/uploads\/2023\/03\/DSC04220-en-taman\u0303o-grande.jpeg\" alt='' title='DSC04220 en taman\u0303o grande'  height=\"853\" width=\"1280\"  itemprop=\"thumbnailUrl\" srcset=\"https:\/\/panamadivecenter.com\/wp-content\/uploads\/2023\/03\/DSC04220-en-taman\u0303o-grande.jpeg 1280w, https:\/\/panamadivecenter.com\/wp-content\/uploads\/2023\/03\/DSC04220-en-taman\u0303o-grande-300x200.jpeg 300w, https:\/\/panamadivecenter.com\/wp-content\/uploads\/2023\/03\/DSC04220-en-taman\u0303o-grande-1030x686.jpeg 1030w, https:\/\/panamadivecenter.com\/wp-content\/uploads\/2023\/03\/DSC04220-en-taman\u0303o-grande-768x512.jpeg 768w, https:\/\/panamadivecenter.com\/wp-content\/uploads\/2023\/03\/DSC04220-en-taman\u0303o-grande-705x470.jpeg 705w, https:\/\/panamadivecenter.com\/wp-content\/uploads\/2023\/03\/DSC04220-en-taman\u0303o-grande-450x300.jpeg 450w\" sizes=\"(max-width: 1280px) 100vw, 1280px\" \/><\/div><\/div><\/div><br \/>\n\n<style type=\"text\/css\" data-created_by=\"avia_inline_auto\" id=\"style-css-av-lf73ttju-b7d2b9c340de7c534fe039db52d5490c\">\n#top .av_textblock_section.av-lf73ttju-b7d2b9c340de7c534fe039db52d5490c .avia_textblock{\ncolor:#000000;\n}\n<\/style>\n<section  class='av_textblock_section av-lf73ttju-b7d2b9c340de7c534fe039db52d5490c '   itemscope=\"itemscope\" itemtype=\"https:\/\/schema.org\/CreativeWork\" ><div class='avia_textblock av_inherit_color'  itemprop=\"text\" ><h3 data-start=\"1538\" data-end=\"1575\"><strong data-start=\"1547\" data-end=\"1575\">\u00c0 lire avant de r\u00e9server<\/strong><\/h3>\n<p data-start=\"1577\" data-end=\"1837\">Pour confirmer une sortie \u00e0 <strong data-start=\"1605\" data-end=\"1618\">Contreras<\/strong>, un <strong data-start=\"1623\" data-end=\"1654\">minimum de quatre plongeurs<\/strong> est requis.<br data-start=\"1666\" data-end=\"1669\" \/>Lorsque vous r\u00e9servez cette excursion, nous comprenons que vous \u00eates int\u00e9ress\u00e9 par Contreras et nous la proposerons \u00e0 d\u2019autres plongeurs afin de constituer le groupe.<\/p>\n<p data-start=\"1839\" data-end=\"1987\">Si le nombre minimum de participants n\u2019est pas atteint, votre r\u00e9servation sera automatiquement transf\u00e9r\u00e9e vers notre <strong data-start=\"1956\" data-end=\"1984\">sortie r\u00e9guli\u00e8re \u00e0 Coiba<\/strong>.<\/p>\n<p data-start=\"1989\" data-end=\"2281\">Veuillez \u00e9galement noter que si les <strong data-start=\"2025\" data-end=\"2068\">conditions m\u00e9t\u00e9orologiques ou maritimes<\/strong> rendent le trajet vers Contreras dangereux ou inadapt\u00e9, nous pourrons modifier l\u2019itin\u00e9raire vers d\u2019autres sites de plong\u00e9e dans le parc. Dans tous les cas, vous recevrez bien s\u00fbr un remboursement de la diff\u00e9rence de prix.<\/p>\n<p>Si vous avez d\u2019autres questions,\u00a0<a href=\"https:\/\/panamadivecenter.com\/fr\/panama-dive-center-contact\/\" target=\"_blank\" rel=\"noopener noreferrer\">contactez-nous<\/a>\u00a0!<\/p>\n<\/div><\/section><\/p><\/div>\n<div  class='flex_column av-tlwmu5-44d1dde1d5b8440b28b8c7eade056f5e av_one_half  avia-builder-el-4  el_after_av_one_half  el_before_av_button  flex_column_div  '     ><section  class='av_textblock_section av-lbjvky1x-d0e551abccc7faec610ca43187b432b4 '   itemscope=\"itemscope\" itemtype=\"https:\/\/schema.org\/CreativeWork\" ><div class='avia_textblock av_inherit_color'  itemprop=\"text\" ><p data-start=\"3564\" data-end=\"3833\"><span style=\"color: #333333;\">Si vous pr\u00e9voyez de plonger plusieurs jours avec nous et souhaitez explorer davantage le Parc National de Coiba, nous proposons \u00e9galement des excursions vers la <strong data-start=\"3725\" data-end=\"3748\">r\u00e9gion de Contreras<\/strong>. Ces \u00eeles isol\u00e9es se trouvent \u00e0 environ 1h45 \u00e0 2h de bateau depuis Santa Catalina.<\/span><\/p>\n<p data-start=\"3835\" data-end=\"4201\"><span style=\"color: #333333;\">Les sites de plong\u00e9e ici sont tr\u00e8s \u00e9loign\u00e9s, et il est rare de croiser un autre bateau ou plongeur. Vous y trouverez de grandes gorgones magnifiques, absentes du reste du parc, d\u2019immenses bancs de vivaneaux, de barracudas et de carangues, des raies \u00e0 longue queue, des raies aigles et, entre mars et avril, avec un peu de chance, <strong data-start=\"4165\" data-end=\"4198\">des bancs de requins-marteaux<\/strong>.<\/span><\/p>\n<p data-start=\"4203\" data-end=\"4617\"><span style=\"color: #333333;\">Comme les plong\u00e9es \u00e0 Contreras peuvent \u00eatre plus profondes et pr\u00e9senter de fortes courants, ces sorties sont <strong data-start=\"4312\" data-end=\"4404\">r\u00e9serv\u00e9es aux plongeurs ayant plus de 30 plong\u00e9es enregistr\u00e9es et une exp\u00e9rience r\u00e9cente<\/strong>. Nous plongeons \u00e9galement avec du <strong data-start=\"4439\" data-end=\"4449\">Nitrox<\/strong> pour prolonger le temps de fond et am\u00e9liorer la s\u00e9curit\u00e9. (Si vous n\u2019\u00eates pas certifi\u00e9, nous proposons la formation Nitrox ou l\u2019option \u201cDive Today\u201d avant la sortie.)<\/span><\/p>\n<p data-start=\"4619\" data-end=\"4734\"><span style=\"color: #000000;\">Le <strong>check-in a lieu la veille<\/strong> pour organiser l\u2019\u00e9quipement, finaliser les paiements et analyser vos bouteilles de plong\u00e9e. Nous nous retrouvons le jour J, au centre de plong\u00e9e \u00e0 <strong>7h00<\/strong> afin de partir le plus t\u00f4t possible pour cette journ\u00e9e d&rsquo;aventure.<\/span><\/p>\n<p data-start=\"4736\" data-end=\"5157\"><span style=\"color: #333333;\">Contreras convient particuli\u00e8rement aux <strong data-start=\"4776\" data-end=\"4841\">plongeurs exp\u00e9riment\u00e9s qui plongent plusieurs jours avec nous<\/strong>, car c\u2019est un excellent <strong data-start=\"4866\" data-end=\"4880\">compl\u00e9ment<\/strong> aux autres sites du parc \u2014 <strong data-start=\"4908\" data-end=\"4955\">non pas un remplacement, mais une extension<\/strong> des merveilles que Coiba a \u00e0 offrir. Beaucoup de nos plongeurs les plus chevronn\u00e9s confirment que les deux zones offrent des exp\u00e9riences tout aussi incroyables, chacune avec ses propres points forts.<\/span><\/p>\n<p><span style=\"color: #333333;\"><span style=\"text-decoration: underline;\"><strong>Prix avec Nitrox 32% pour 2 plong\u00e9es :<\/strong><\/span> 210$<\/span><\/p>\n<p><span style=\"color: #333333;\"><span style=\"text-decoration: underline;\"><strong>Troisi\u00e8me plong\u00e9e avec Nitrox 32%\u00a0:<\/strong><\/span> 45 $ (En saison des pluies, la troisi\u00e8me plong\u00e9e ne peut \u00eatre garantie en raison des conditions m\u00e9t\u00e9orologiques et par souci de s\u00e9curit\u00e9).<\/span><\/p>\n<p><span style=\"color: #333333;\"><span style=\"text-decoration: underline;\"><strong>Inclus :<\/strong><\/span> \u00e9quipement (dont ordinateur de plong\u00e9e), d\u00e9jeuner, fruits et eau.<\/span><\/p>\n<p><span style=\"color: #333333;\"><span style=\"text-decoration: underline;\"><strong>Non inclus:<\/strong><\/span> frais d&rsquo;entr\u00e9e au parc (20 $ pour les \u00e9trangers, 5 $ pour les panam\u00e9ens et les r\u00e9sidents. Frais \u00e0 payer en esp\u00e8ces)<\/span><\/p>\n<p><span style=\"color: #333333;\">Si vous n&rsquo;\u00eates pas certifi\u00e9 Nitrox :<\/span><\/p>\n<p><span style=\"color: #000000;\"><span style=\"text-decoration: underline;\"><strong>Nitrox :<\/strong><\/span>\u00a0<\/span><\/p>\n<p data-start=\"448\" data-end=\"612\"><span style=\"color: #000000;\">Si tu n\u2019es pas certifi\u00e9(e) Nitrox, nous pouvons te proposer une courte introduction le matin (option PADI Discover Nitrox) sans frais suppl\u00e9mentaires.<\/span><\/p>\n<p data-start=\"614\" data-end=\"849\"><span style=\"color: #000000;\">Sinon, tu peux en profiter pour obtenir la certification compl\u00e8te pour un suppl\u00e9ment de 185 $. Dans ce cas, nous t\u2019enverrons la th\u00e9orie \u00e0 l\u2019avance afin que tu arrives pr\u00eat(e) \u00e0 plonger et \u00e0 profiter pleinement des plong\u00e9es \u00e0 Contreras.<\/span><\/p>\n<\/div><\/section><\/div><div  class='avia-button-wrap av-lf73vwb5-3ef0cc40a3d5942fb4e7d8ee55224b5c-wrap avia-button-center  avia-builder-el-6  el_after_av_one_half  avia-builder-el-last '><a href='https:\/\/panamadivecenter.rezdy.com\/197082\/diving-in-contreras-certified-divers'  class='avia-button av-lf73vwb5-3ef0cc40a3d5942fb4e7d8ee55224b5c av-link-btn avia-icon_select-yes-left-icon avia-size-small avia-position-center avia-color-theme-color'  target=\"_blank\"  rel=\"noopener noreferrer\"  aria-label=\"R\u00e9servez maintenant! \"><span class='avia_button_icon avia_button_icon_left avia-iconfont avia-font-entypo-fontello' data-av_icon='\ue8ce' data-av_iconfont='entypo-fontello' ><\/span><span class='avia_iconbox_title' >R\u00e9servez maintenant! <\/span><\/a><\/div><\/p>\n","protected":false},"excerpt":{"rendered":"","protected":false},"author":3,"featured_media":0,"parent":0,"menu_order":0,"comment_status":"closed","ping_status":"closed","template":"","meta":{"footnotes":""},"class_list":["post-25689","page","type-page","status-publish","hentry"],"yoast_head":"<!-- This site is optimized with the Yoast SEO plugin v27.4 - https:\/\/yoast.com\/product\/yoast-seo-wordpress\/ -->\n<title>Contreras | Panama Dive Center<\/title>\n<meta name=\"robots\" content=\"index, follow, max-snippet:-1, max-image-preview:large, max-video-preview:-1\" \/>\n<link rel=\"canonical\" href=\"https:\/\/panamadivecenter.com\/fr\/contreras\/\" \/>\n<meta property=\"og:locale\" content=\"fr_FR\" \/>\n<meta property=\"og:type\" content=\"article\" \/>\n<meta property=\"og:title\" content=\"Contreras | Panama Dive Center\" \/>\n<meta property=\"og:url\" content=\"https:\/\/panamadivecenter.com\/fr\/contreras\/\" \/>\n<meta property=\"og:site_name\" content=\"Panama Dive Center\" \/>\n<meta property=\"article:publisher\" content=\"https:\/\/www.facebook.com\/padipanamadivecenter\" \/>\n<meta property=\"article:modified_time\" content=\"2026-04-25T22:22:04+00:00\" \/>\n<meta name=\"twitter:card\" content=\"summary_large_image\" \/>\n<meta name=\"twitter:label1\" content=\"Dur\u00e9e de lecture estim\u00e9e\" \/>\n\t<meta name=\"twitter:data1\" content=\"3 minutes\" \/>\n<script type=\"application\/ld+json\" class=\"yoast-schema-graph\">{\"@context\":\"https:\\\/\\\/schema.org\",\"@graph\":[{\"@type\":\"WebPage\",\"@id\":\"https:\\\/\\\/panamadivecenter.com\\\/fr\\\/contreras\\\/\",\"url\":\"https:\\\/\\\/panamadivecenter.com\\\/fr\\\/contreras\\\/\",\"name\":\"Contreras | Panama Dive Center\",\"isPartOf\":{\"@id\":\"https:\\\/\\\/panamadivecenter.com\\\/#website\"},\"datePublished\":\"2023-03-13T17:36:46+00:00\",\"dateModified\":\"2026-04-25T22:22:04+00:00\",\"breadcrumb\":{\"@id\":\"https:\\\/\\\/panamadivecenter.com\\\/fr\\\/contreras\\\/#breadcrumb\"},\"inLanguage\":\"fr-FR\",\"potentialAction\":[{\"@type\":\"ReadAction\",\"target\":[\"https:\\\/\\\/panamadivecenter.com\\\/fr\\\/contreras\\\/\"]}]},{\"@type\":\"BreadcrumbList\",\"@id\":\"https:\\\/\\\/panamadivecenter.com\\\/fr\\\/contreras\\\/#breadcrumb\",\"itemListElement\":[{\"@type\":\"ListItem\",\"position\":1,\"name\":\"Home\",\"item\":\"https:\\\/\\\/panamadivecenter.com\\\/fr\\\/\"},{\"@type\":\"ListItem\",\"position\":2,\"name\":\"Contreras\"}]},{\"@type\":\"WebSite\",\"@id\":\"https:\\\/\\\/panamadivecenter.com\\\/#website\",\"url\":\"https:\\\/\\\/panamadivecenter.com\\\/\",\"name\":\"Panama Dive Center\",\"description\":\"Diving Coiba National Park\",\"publisher\":{\"@id\":\"https:\\\/\\\/panamadivecenter.com\\\/#organization\"},\"potentialAction\":[{\"@type\":\"SearchAction\",\"target\":{\"@type\":\"EntryPoint\",\"urlTemplate\":\"https:\\\/\\\/panamadivecenter.com\\\/?s={search_term_string}\"},\"query-input\":{\"@type\":\"PropertyValueSpecification\",\"valueRequired\":true,\"valueName\":\"search_term_string\"}}],\"inLanguage\":\"fr-FR\"},{\"@type\":\"Organization\",\"@id\":\"https:\\\/\\\/panamadivecenter.com\\\/#organization\",\"name\":\"Panama Dive Center\",\"url\":\"https:\\\/\\\/panamadivecenter.com\\\/\",\"logo\":{\"@type\":\"ImageObject\",\"inLanguage\":\"fr-FR\",\"@id\":\"https:\\\/\\\/panamadivecenter.com\\\/#\\\/schema\\\/logo\\\/image\\\/\",\"url\":\"https:\\\/\\\/panamadivecenter.com\\\/wp-content\\\/uploads\\\/2017\\\/12\\\/RAYFB.jpg\",\"contentUrl\":\"https:\\\/\\\/panamadivecenter.com\\\/wp-content\\\/uploads\\\/2017\\\/12\\\/RAYFB.jpg\",\"width\":1026,\"height\":1026,\"caption\":\"Panama Dive Center\"},\"image\":{\"@id\":\"https:\\\/\\\/panamadivecenter.com\\\/#\\\/schema\\\/logo\\\/image\\\/\"},\"sameAs\":[\"https:\\\/\\\/www.facebook.com\\\/padipanamadivecenter\"]}]}<\/script>\n<!-- \/ Yoast SEO plugin. -->","yoast_head_json":{"title":"Contreras | Panama Dive Center","robots":{"index":"index","follow":"follow","max-snippet":"max-snippet:-1","max-image-preview":"max-image-preview:large","max-video-preview":"max-video-preview:-1"},"canonical":"https:\/\/panamadivecenter.com\/fr\/contreras\/","og_locale":"fr_FR","og_type":"article","og_title":"Contreras | Panama Dive Center","og_url":"https:\/\/panamadivecenter.com\/fr\/contreras\/","og_site_name":"Panama Dive Center","article_publisher":"https:\/\/www.facebook.com\/padipanamadivecenter","article_modified_time":"2026-04-25T22:22:04+00:00","twitter_card":"summary_large_image","twitter_misc":{"Dur\u00e9e de lecture estim\u00e9e":"3 minutes"},"schema":{"@context":"https:\/\/schema.org","@graph":[{"@type":"WebPage","@id":"https:\/\/panamadivecenter.com\/fr\/contreras\/","url":"https:\/\/panamadivecenter.com\/fr\/contreras\/","name":"Contreras | Panama Dive Center","isPartOf":{"@id":"https:\/\/panamadivecenter.com\/#website"},"datePublished":"2023-03-13T17:36:46+00:00","dateModified":"2026-04-25T22:22:04+00:00","breadcrumb":{"@id":"https:\/\/panamadivecenter.com\/fr\/contreras\/#breadcrumb"},"inLanguage":"fr-FR","potentialAction":[{"@type":"ReadAction","target":["https:\/\/panamadivecenter.com\/fr\/contreras\/"]}]},{"@type":"BreadcrumbList","@id":"https:\/\/panamadivecenter.com\/fr\/contreras\/#breadcrumb","itemListElement":[{"@type":"ListItem","position":1,"name":"Home","item":"https:\/\/panamadivecenter.com\/fr\/"},{"@type":"ListItem","position":2,"name":"Contreras"}]},{"@type":"WebSite","@id":"https:\/\/panamadivecenter.com\/#website","url":"https:\/\/panamadivecenter.com\/","name":"Panama Dive Center","description":"Diving Coiba National Park","publisher":{"@id":"https:\/\/panamadivecenter.com\/#organization"},"potentialAction":[{"@type":"SearchAction","target":{"@type":"EntryPoint","urlTemplate":"https:\/\/panamadivecenter.com\/?s={search_term_string}"},"query-input":{"@type":"PropertyValueSpecification","valueRequired":true,"valueName":"search_term_string"}}],"inLanguage":"fr-FR"},{"@type":"Organization","@id":"https:\/\/panamadivecenter.com\/#organization","name":"Panama Dive Center","url":"https:\/\/panamadivecenter.com\/","logo":{"@type":"ImageObject","inLanguage":"fr-FR","@id":"https:\/\/panamadivecenter.com\/#\/schema\/logo\/image\/","url":"https:\/\/panamadivecenter.com\/wp-content\/uploads\/2017\/12\/RAYFB.jpg","contentUrl":"https:\/\/panamadivecenter.com\/wp-content\/uploads\/2017\/12\/RAYFB.jpg","width":1026,"height":1026,"caption":"Panama Dive Center"},"image":{"@id":"https:\/\/panamadivecenter.com\/#\/schema\/logo\/image\/"},"sameAs":["https:\/\/www.facebook.com\/padipanamadivecenter"]}]}},"jetpack_sharing_enabled":true,"_links":{"self":[{"href":"https:\/\/panamadivecenter.com\/fr\/wp-json\/wp\/v2\/pages\/25689","targetHints":{"allow":["GET"]}}],"collection":[{"href":"https:\/\/panamadivecenter.com\/fr\/wp-json\/wp\/v2\/pages"}],"about":[{"href":"https:\/\/panamadivecenter.com\/fr\/wp-json\/wp\/v2\/types\/page"}],"author":[{"embeddable":true,"href":"https:\/\/panamadivecenter.com\/fr\/wp-json\/wp\/v2\/users\/3"}],"replies":[{"embeddable":true,"href":"https:\/\/panamadivecenter.com\/fr\/wp-json\/wp\/v2\/comments?post=25689"}],"version-history":[{"count":15,"href":"https:\/\/panamadivecenter.com\/fr\/wp-json\/wp\/v2\/pages\/25689\/revisions"}],"predecessor-version":[{"id":27596,"href":"https:\/\/panamadivecenter.com\/fr\/wp-json\/wp\/v2\/pages\/25689\/revisions\/27596"}],"wp:attachment":[{"href":"https:\/\/panamadivecenter.com\/fr\/wp-json\/wp\/v2\/media?parent=25689"}],"curies":[{"name":"wp","href":"https:\/\/api.w.org\/{rel}","templated":true}]}}